{"id":3128,"date":"2022-04-15T10:32:40","date_gmt":"2022-04-15T08:32:40","guid":{"rendered":"https:\/\/www.soprarnosuites.com\/visitare-firenze\/"},"modified":"2025-04-09T15:25:53","modified_gmt":"2025-04-09T13:25:53","slug":"decouvrez-florence","status":"publish","type":"page","link":"https:\/\/www.soprarnosuites.com\/fr\/decouvrez-florence\/","title":{"rendered":"D\u00e9couvrez Florence"},"content":{"rendered":"<p>[vc_row el_class=&#8221;single-hb_room&#8221; css=&#8221;.vc_custom_1647974270406{margin-top: 50px !important;}&#8221;][vc_column]<div  class=\"main-heading\"><span class=\"subtitle\" style=\"color:#666666;\">Vacances \u00e0 Florence<\/span><h2 class=\"title\" style=\"color:#111111;\">Laissez-vous guider \u00e0 la d\u00e9couverte de Florence<\/h2><\/div><div  class=\"empty-space  marg-lg-b25\"><\/div><div class=\"text-block \" ><div class=\"simple-text \"><p style=\"text-align: center;\">Florence est connue dans le monde entier pour son histoire incroyable, son art et son architecture que vous pouvez respirer \u00e0 chaque coin de rue. Ce n&#8217;est pas seulement l&#8217;art, mais aussi la gastronomie et le divertissement, avec des ap\u00e9ritifs d&#8217;\u00e9t\u00e9 en regardant le soleil se coucher lentement dans l&#8217;argent du fleuve Arno apr\u00e8s une journ\u00e9e pass\u00e9e \u00e0 visiter les mus\u00e9es. Il y a de la beaut\u00e9 partout, \u00e0 chaque saison de l&#8217;ann\u00e9e : de l&#8217;hiver au printemps, de l&#8217;\u00e9t\u00e9 \u00e0 l&#8217;automne. D\u00e9couvrez Florence et vivez-la pleinement!<\/p>\n<\/div><\/div><div  class=\"empty-space  marg-lg-b25\"><\/div>\n\n  <div  class=\"row blog__shortcode blog-roll__post \">\n    <div class=\"isotope isotope-content\">\n      <div class=\"grid-sizer col-xs-12 col-sm-6 col-md-4\"><\/div>              <div class=\"col-md-4 col-xs-6 post__roll post-3961 post type-post status-publish format-standard has-post-thumbnail hentry category-firenze-fr\">\n          <div class=\"recent-post mb-0\">\n                      <div class=\"image text-center\">\n            <a href=\"https:\/\/www.soprarnosuites.com\/fr\/art-a-florence-nos-conseils\/\"><img loading=\"lazy\" decoding=\"async\" width=\"368\" height=\"268\" src=\"https:\/\/www.soprarnosuites.com\/wp-content\/uploads\/2025\/04\/Arte-a-Firenze-i-nostri-consigli-368x268.jpg\" class=\"attachment-luxe-medium size-luxe-medium wp-post-image\" alt=\"\" \/><\/a>\n          <\/div>\n                    <div class=\"recent-post__wrap\">\n              <a href=\"https:\/\/www.soprarnosuites.com\/fr\/art-a-florence-nos-conseils\/\" class=\"recent-post__title\">Art \u00e0 Florence: nos conseils<\/a>\n              <div class=\"recent-post__meta\">\n                                            <\/div>\n              <div class=\"recent-post__excerpt\">[vc_row][vc_column width=&#8221;1\/6&#8243;][\/vc_column][vc_column width=&#8221;2\/3&#8243;][vc_empty_space][\/vc_column][vc_column width=&#8221;1\/6&#8243;][\/vc_column][\/vc_row]<\/div>\n              <a class=\"recent-post__link\" href=\"https:\/\/www.soprarnosuites.com\/fr\/art-a-florence-nos-conseils\/\">Read more<\/a>\n            <\/div>\n          <\/div>\n          <div class=\"empty-space  marg-xs-b15\"><\/div>\n        <\/div>\n              <div class=\"col-md-4 col-xs-6 post__roll post-3959 post type-post status-publish format-standard has-post-thumbnail hentry category-firenze-fr\">\n          <div class=\"recent-post mb-0\">\n                      <div class=\"image text-center\">\n            <a href=\"https:\/\/www.soprarnosuites.com\/fr\/bars-sandwiches-et-trippa-a-florence-nos-conseils\/\"><img loading=\"lazy\" decoding=\"async\" width=\"368\" height=\"268\" src=\"https:\/\/www.soprarnosuites.com\/wp-content\/uploads\/2025\/04\/Bar-Panini-e-Trippa-a-Firenze-i-nostri-consigli-368x268.jpg\" class=\"attachment-luxe-medium size-luxe-medium wp-post-image\" alt=\"\" \/><\/a>\n          <\/div>\n                    <div class=\"recent-post__wrap\">\n              <a href=\"https:\/\/www.soprarnosuites.com\/fr\/bars-sandwiches-et-trippa-a-florence-nos-conseils\/\" class=\"recent-post__title\">Bars, sandwiches et trippa \u00e0 Florence: nos conseils<\/a>\n              <div class=\"recent-post__meta\">\n                                            <\/div>\n              <div class=\"recent-post__excerpt\">[vc_row][vc_column width=&#8221;1\/6&#8243;][\/vc_column][vc_column width=&#8221;2\/3&#8243;][vc_empty_space][vc_empty_space][vc_empty_space][\/vc_column][vc_column width=&#8221;1\/6&#8243;][\/vc_column][\/vc_row]<\/div>\n              <a class=\"recent-post__link\" href=\"https:\/\/www.soprarnosuites.com\/fr\/bars-sandwiches-et-trippa-a-florence-nos-conseils\/\">Read more<\/a>\n            <\/div>\n          <\/div>\n          <div class=\"empty-space  marg-xs-b15\"><\/div>\n        <\/div>\n              <div class=\"col-md-4 col-xs-6 post__roll post-3956 post type-post status-publish format-standard has-post-thumbnail hentry category-firenze-fr\">\n          <div class=\"recent-post mb-0\">\n                      <div class=\"image text-center\">\n            <a href=\"https:\/\/www.soprarnosuites.com\/fr\/ristoranti-trattorie-firenze-nostri-consigli-2\/\"><img loading=\"lazy\" decoding=\"async\" width=\"368\" height=\"268\" src=\"https:\/\/www.soprarnosuites.com\/wp-content\/uploads\/2019\/12\/regina-bistecca-firenze1-1-368x268.jpg\" class=\"attachment-luxe-medium size-luxe-medium wp-post-image\" alt=\"\" \/><\/a>\n          <\/div>\n                    <div class=\"recent-post__wrap\">\n              <a href=\"https:\/\/www.soprarnosuites.com\/fr\/ristoranti-trattorie-firenze-nostri-consigli-2\/\" class=\"recent-post__title\">Restaurants et trattorias \u00e0 Florence: nos conseils<\/a>\n              <div class=\"recent-post__meta\">\n                                            <\/div>\n              <div class=\"recent-post__excerpt\">[vc_row][vc_column width=&#8221;1\/6&#8243;][\/vc_column][vc_column width=&#8221;2\/3&#8243;][vc_empty_space][vc_empty_space][\/vc_column][vc_column width=&#8221;1\/6&#8243;][\/vc_column][\/vc_row]<\/div>\n              <a class=\"recent-post__link\" href=\"https:\/\/www.soprarnosuites.com\/fr\/ristoranti-trattorie-firenze-nostri-consigli-2\/\">Read more<\/a>\n            <\/div>\n          <\/div>\n          <div class=\"empty-space  marg-xs-b15\"><\/div>\n        <\/div>\n              <div class=\"col-md-4 col-xs-6 post__roll post-3340 post type-post status-publish format-standard has-post-thumbnail hentry category-firenze-fr\">\n          <div class=\"recent-post mb-0\">\n                      <div class=\"image text-center\">\n            <a href=\"https:\/\/www.soprarnosuites.com\/fr\/a-la-decouverte-des-ateliers-artisanaux-de-florence\/\"><img loading=\"lazy\" decoding=\"async\" width=\"368\" height=\"268\" src=\"https:\/\/www.soprarnosuites.com\/wp-content\/uploads\/2022\/04\/Panorama-Firenze-Oltrarno-368x268.jpg\" class=\"attachment-luxe-medium size-luxe-medium wp-post-image\" alt=\"\" \/><\/a>\n          <\/div>\n                    <div class=\"recent-post__wrap\">\n              <a href=\"https:\/\/www.soprarnosuites.com\/fr\/a-la-decouverte-des-ateliers-artisanaux-de-florence\/\" class=\"recent-post__title\">\u00c0 la d\u00e9couverte des ateliers artisanaux de Florence<\/a>\n              <div class=\"recent-post__meta\">\n                                            <\/div>\n              <div class=\"recent-post__excerpt\">Aujourd\u2019hui, nous vous emmenons \u00e0 la d\u00e9couverte de l\u2019\u00e2me la plus authentique de Florence : celle li\u00e9e \u00e0 ses ateliers artisanaux, au c\u0153ur du quartier de l\u2019Oltrarno.<\/div>\n              <a class=\"recent-post__link\" href=\"https:\/\/www.soprarnosuites.com\/fr\/a-la-decouverte-des-ateliers-artisanaux-de-florence\/\">Read more<\/a>\n            <\/div>\n          <\/div>\n          <div class=\"empty-space  marg-xs-b15\"><\/div>\n        <\/div>\n              <div class=\"col-md-4 col-xs-6 post__roll post-3337 post type-post status-publish format-standard has-post-thumbnail hentry category-firenze-fr\">\n          <div class=\"recent-post mb-0\">\n                      <div class=\"image text-center\">\n            <a href=\"https:\/\/www.soprarnosuites.com\/fr\/que-voir-au-palais-pitti-florence\/\"><img loading=\"lazy\" decoding=\"async\" width=\"368\" height=\"268\" src=\"https:\/\/www.soprarnosuites.com\/wp-content\/uploads\/2019\/12\/offer-florence4-368x268.jpg\" class=\"attachment-luxe-medium size-luxe-medium wp-post-image\" alt=\"\" \/><\/a>\n          <\/div>\n                    <div class=\"recent-post__wrap\">\n              <a href=\"https:\/\/www.soprarnosuites.com\/fr\/que-voir-au-palais-pitti-florence\/\" class=\"recent-post__title\">Que voir au Palais Pitti, Florence<\/a>\n              <div class=\"recent-post__meta\">\n                                            <\/div>\n              <div class=\"recent-post__excerpt\">Florence est sans aucun doute l\u2019une des villes les plus connues au monde. Chaque ann\u00e9e, des millions de personnes visitent le \u00ab berceau de la Renaissance \u00bb, admirant ses principaux mus\u00e9es, fl\u00e2nant dans ses rues et se perdant parmi ses monuments, \u00e9glises, palais et lieux d\u2019int\u00e9r\u00eat.<\/div>\n              <a class=\"recent-post__link\" href=\"https:\/\/www.soprarnosuites.com\/fr\/que-voir-au-palais-pitti-florence\/\">Read more<\/a>\n            <\/div>\n          <\/div>\n          <div class=\"empty-space  marg-xs-b15\"><\/div>\n        <\/div>\n          <\/div>\n  <\/div>\n\n  <div  class=\"empty-space  marg-lg-b40\"><\/div>[\/vc_column][\/vc_row]<\/p>\n","protected":false},"excerpt":{"rendered":"<p>[vc_row el_class=&#8221;single-hb_room&#8221; css=&#8221;.vc_custom_1647974270406{margin-top: 50px !important;}&#8221;][vc_column][\/vc_column][\/vc_row]<\/p>\n","protected":false},"author":3,"featured_media":0,"parent":0,"menu_order":0,"comment_status":"closed","ping_status":"closed","template":"","meta":{"footnotes":""},"class_list":["post-3128","page","type-page","status-publish","hentry"],"yoast_head":"<!-- This site is optimized with the Yoast SEO plugin v27.3 - https:\/\/yoast.com\/product\/yoast-seo-wordpress\/ -->\n<title>D\u00e9couvrez Florence | SoprArno<\/title>\n<meta name=\"robots\" content=\"index, follow, max-snippet:-1, max-image-preview:large, max-video-preview:-1\" \/>\n<link rel=\"canonical\" href=\"https:\/\/www.soprarnosuites.com\/fr\/decouvrez-florence\/\" \/>\n<meta property=\"og:locale\" content=\"fr_FR\" \/>\n<meta property=\"og:type\" content=\"article\" \/>\n<meta property=\"og:title\" content=\"D\u00e9couvrez Florence | SoprArno\" \/>\n<meta property=\"og:description\" content=\"[vc_row el_class=&#8221;single-hb_room&#8221; css=&#8221;.vc_custom_1647974270406{margin-top: 50px !important;}&#8221;][vc_column][\/vc_column][\/vc_row]\" \/>\n<meta property=\"og:url\" content=\"https:\/\/www.soprarnosuites.com\/fr\/decouvrez-florence\/\" \/>\n<meta property=\"og:site_name\" content=\"SoprArno\" \/>\n<meta property=\"article:modified_time\" content=\"2025-04-09T13:25:53+00:00\" \/>\n<meta name=\"twitter:card\" content=\"summary_large_image\" \/>\n<meta name=\"twitter:label1\" content=\"Dur\u00e9e de lecture estim\u00e9e\" \/>\n\t<meta name=\"twitter:data1\" content=\"1 minute\" \/>\n<script type=\"application\/ld+json\" class=\"yoast-schema-graph\">{\"@context\":\"https:\\\/\\\/schema.org\",\"@graph\":[{\"@type\":\"WebPage\",\"@id\":\"https:\\\/\\\/www.soprarnosuites.com\\\/fr\\\/decouvrez-florence\\\/\",\"url\":\"https:\\\/\\\/www.soprarnosuites.com\\\/fr\\\/decouvrez-florence\\\/\",\"name\":\"D\u00e9couvrez Florence | SoprArno\",\"isPartOf\":{\"@id\":\"https:\\\/\\\/www.soprarnosuites.com\\\/#website\"},\"datePublished\":\"2022-04-15T08:32:40+00:00\",\"dateModified\":\"2025-04-09T13:25:53+00:00\",\"breadcrumb\":{\"@id\":\"https:\\\/\\\/www.soprarnosuites.com\\\/fr\\\/decouvrez-florence\\\/#breadcrumb\"},\"inLanguage\":\"fr-FR\",\"potentialAction\":[{\"@type\":\"ReadAction\",\"target\":[\"https:\\\/\\\/www.soprarnosuites.com\\\/fr\\\/decouvrez-florence\\\/\"]}]},{\"@type\":\"BreadcrumbList\",\"@id\":\"https:\\\/\\\/www.soprarnosuites.com\\\/fr\\\/decouvrez-florence\\\/#breadcrumb\",\"itemListElement\":[{\"@type\":\"ListItem\",\"position\":1,\"name\":\"Home\",\"item\":\"https:\\\/\\\/www.soprarnosuites.com\\\/fr\\\/\"},{\"@type\":\"ListItem\",\"position\":2,\"name\":\"D\u00e9couvrez Florence\"}]},{\"@type\":\"WebSite\",\"@id\":\"https:\\\/\\\/www.soprarnosuites.com\\\/#website\",\"url\":\"https:\\\/\\\/www.soprarnosuites.com\\\/\",\"name\":\"SoprArno\",\"description\":\"Un nuovo sito targato WordPress\",\"potentialAction\":[{\"@type\":\"SearchAction\",\"target\":{\"@type\":\"EntryPoint\",\"urlTemplate\":\"https:\\\/\\\/www.soprarnosuites.com\\\/?s={search_term_string}\"},\"query-input\":{\"@type\":\"PropertyValueSpecification\",\"valueRequired\":true,\"valueName\":\"search_term_string\"}}],\"inLanguage\":\"fr-FR\"}]}<\/script>\n<!-- \/ Yoast SEO plugin. -->","yoast_head_json":{"title":"D\u00e9couvrez Florence | SoprArno","robots":{"index":"index","follow":"follow","max-snippet":"max-snippet:-1","max-image-preview":"max-image-preview:large","max-video-preview":"max-video-preview:-1"},"canonical":"https:\/\/www.soprarnosuites.com\/fr\/decouvrez-florence\/","og_locale":"fr_FR","og_type":"article","og_title":"D\u00e9couvrez Florence | SoprArno","og_description":"[vc_row el_class=&#8221;single-hb_room&#8221; css=&#8221;.vc_custom_1647974270406{margin-top: 50px !important;}&#8221;][vc_column][\/vc_column][\/vc_row]","og_url":"https:\/\/www.soprarnosuites.com\/fr\/decouvrez-florence\/","og_site_name":"SoprArno","article_modified_time":"2025-04-09T13:25:53+00:00","twitter_card":"summary_large_image","twitter_misc":{"Dur\u00e9e de lecture estim\u00e9e":"1 minute"},"schema":{"@context":"https:\/\/schema.org","@graph":[{"@type":"WebPage","@id":"https:\/\/www.soprarnosuites.com\/fr\/decouvrez-florence\/","url":"https:\/\/www.soprarnosuites.com\/fr\/decouvrez-florence\/","name":"D\u00e9couvrez Florence | SoprArno","isPartOf":{"@id":"https:\/\/www.soprarnosuites.com\/#website"},"datePublished":"2022-04-15T08:32:40+00:00","dateModified":"2025-04-09T13:25:53+00:00","breadcrumb":{"@id":"https:\/\/www.soprarnosuites.com\/fr\/decouvrez-florence\/#breadcrumb"},"inLanguage":"fr-FR","potentialAction":[{"@type":"ReadAction","target":["https:\/\/www.soprarnosuites.com\/fr\/decouvrez-florence\/"]}]},{"@type":"BreadcrumbList","@id":"https:\/\/www.soprarnosuites.com\/fr\/decouvrez-florence\/#breadcrumb","itemListElement":[{"@type":"ListItem","position":1,"name":"Home","item":"https:\/\/www.soprarnosuites.com\/fr\/"},{"@type":"ListItem","position":2,"name":"D\u00e9couvrez Florence"}]},{"@type":"WebSite","@id":"https:\/\/www.soprarnosuites.com\/#website","url":"https:\/\/www.soprarnosuites.com\/","name":"SoprArno","description":"Un nuovo sito targato WordPress","potentialAction":[{"@type":"SearchAction","target":{"@type":"EntryPoint","urlTemplate":"https:\/\/www.soprarnosuites.com\/?s={search_term_string}"},"query-input":{"@type":"PropertyValueSpecification","valueRequired":true,"valueName":"search_term_string"}}],"inLanguage":"fr-FR"}]}},"_links":{"self":[{"href":"https:\/\/www.soprarnosuites.com\/fr\/wp-json\/wp\/v2\/pages\/3128","targetHints":{"allow":["GET"]}}],"collection":[{"href":"https:\/\/www.soprarnosuites.com\/fr\/wp-json\/wp\/v2\/pages"}],"about":[{"href":"https:\/\/www.soprarnosuites.com\/fr\/wp-json\/wp\/v2\/types\/page"}],"author":[{"embeddable":true,"href":"https:\/\/www.soprarnosuites.com\/fr\/wp-json\/wp\/v2\/users\/3"}],"replies":[{"embeddable":true,"href":"https:\/\/www.soprarnosuites.com\/fr\/wp-json\/wp\/v2\/comments?post=3128"}],"version-history":[{"count":1,"href":"https:\/\/www.soprarnosuites.com\/fr\/wp-json\/wp\/v2\/pages\/3128\/revisions"}],"predecessor-version":[{"id":3130,"href":"https:\/\/www.soprarnosuites.com\/fr\/wp-json\/wp\/v2\/pages\/3128\/revisions\/3130"}],"wp:attachment":[{"href":"https:\/\/www.soprarnosuites.com\/fr\/wp-json\/wp\/v2\/media?parent=3128"}],"curies":[{"name":"wp","href":"https:\/\/api.w.org\/{rel}","templated":true}]}}