{"id":3153,"date":"2018-04-27T14:55:45","date_gmt":"2018-04-27T14:55:45","guid":{"rendered":"https:\/\/www.soprarnosuites.com\/contatti\/"},"modified":"2025-04-09T16:08:49","modified_gmt":"2025-04-09T14:08:49","slug":"contacts","status":"publish","type":"page","link":"https:\/\/www.soprarnosuites.com\/fr\/contacts\/","title":{"rendered":"Contacts"},"content":{"rendered":"<p>[vc_row full_width=&#8221;stretch_row_content_no_spaces&#8221;][vc_column]<div class=\"text-block \" ><div class=\"simple-text \"><p><iframe loading=\"lazy\" style=\"border: 0;\" src=\"https:\/\/www.google.com\/maps\/embed?pb=!1m18!1m12!1m3!1d5762.66515614881!2d11.244165531624589!3d43.76595470000727!2m3!1f0!2f0!3f0!3m2!1i1024!2i768!4f13.1!3m3!1m2!1s0x132a515458930555%3A0x30a732d7f8320b3b!2sSoprArno+Suites!5e0!3m2!1sit!2sit!4v1551461952162\" width=\"100%\" height=\"450\" frameborder=\"0\" allowfullscreen=\"allowfullscreen\"><\/iframe><\/p>\n<\/div><\/div>[\/vc_column][\/vc_row][vc_row][vc_column]<div  class=\"empty-space  marg-lg-b60 marg-xs-b50\"><\/div>[\/vc_column][\/vc_row][vc_row][vc_column width=&#8221;1\/4&#8243;]<div  class=\"main-heading\"><span class=\"subtitle\" style=\"color:#666666;\">SoprArno - Florence<\/span><h2 class=\"title\" style=\"color:#111111;\">Contactez-nous<\/h2><\/div><div  class=\"empty-space  marg-lg-b25\"><\/div><div class=\"text-block \" ><div class=\"simple-text \"><p>Via Maggio, 35<\/p>\n<p>50125 &#8211; Florence<\/p>\n<p>Tel.: <a href=\"tel:+390550468719\">(+39) 055 0468 719<\/a><\/p>\n<p><a href=\"mailto:info@soprarnosuites.com\">info@soprarnosuites.com<\/a><\/p>\n<\/div><\/div><div  class=\"empty-space  marg-lg-b25\"><\/div>[\/vc_column][vc_column width=&#8221;3\/4&#8243;]<div  class=\"main-heading\"><span class=\"subtitle\" style=\"color:#666666;\">Suggestions<\/span><h2 class=\"title\" style=\"color:#111111;\">Comment arriver \u00e0 SoprArno<\/h2><\/div>[vc_row_inner][vc_column_inner width=&#8221;1\/3&#8243;]<div  class=\"empty-space  marg-lg-b25\"><\/div><div class=\"text-block \" ><div class=\"simple-text \"><p><strong>En avion.<\/strong> Nous sommes \u00e0 environ 6 km de l\u2019a\u00e9roport Amerigo Vespucci de Florence. Il existe des navettes qui vous conduisent directement en ville, une ligne de tramway directe (Ligne 2), ou vous pouvez prendre un taxi pour environ 25 Euros. Atterrir \u00e0 l\u2019a\u00e9roport Galileo Galilei de Pise est \u00e9galement une option.<\/p>\n<\/div><\/div><div  class=\"empty-space  marg-lg-b25\"><\/div>[\/vc_column_inner][vc_column_inner width=&#8221;1\/3&#8243;]<div  class=\"empty-space  marg-lg-b25\"><\/div><div class=\"text-block \" ><div class=\"simple-text \"><p><strong>En voiture.<\/strong> Si vous arrivez en voiture, nous proposons un parking s\u00e9curis\u00e9 pr\u00e8s de l\u2019h\u00f4tel pour environ 30 Euros par jour. Vous \u00e9viterez ainsi les amendes pour \u00eatre entr\u00e9 dans le centre historique sans autorisation. Faites-nous savoir l\u2019heure de votre arriv\u00e9e et nous nous occuperons du reste.<\/p>\n<\/div><\/div><div  class=\"empty-space  marg-lg-b25\"><\/div>[\/vc_column_inner][vc_column_inner width=&#8221;1\/3&#8243;]<div  class=\"empty-space  marg-lg-b25\"><\/div><div class=\"text-block \" ><div class=\"simple-text \"><p><strong>En train.<\/strong> Si vous arrivez \u00e0 la gare de Santa Maria Novella \u2013 un bijou de l\u2019architecture rationaliste \u2013 vous \u00eates \u00e0 seulement 1 km de l\u2019h\u00f4tel, soit 5 minutes en taxi ou une promenade de 15 minutes.<\/p>\n<\/div><\/div><div  class=\"empty-space  marg-lg-b25\"><\/div>[\/vc_column_inner][\/vc_row_inner][\/vc_column][\/vc_row][vc_row][vc_column]<div  class=\"empty-space  marg-lg-b75 marg-xs-b50\"><\/div>[\/vc_column][\/vc_row][vc_row full_width=&#8221;stretch_row_content_no_spaces&#8221;][vc_column]<div  class=\"hero-slider hero-slider--booking style1 hero-slider__small\" data-autoplay=\"false\" data-loop=\"false\" data-speed=\"5000\"><div class=\"hero-slider__items\"><div class=\"hero-slider__item\" style=\"background-image: url(https:\/\/www.soprarnosuites.com\/wp-content\/uploads\/2018\/12\/soprarno-suites-florence-slider3.jpg);\"><div class=\"hero-slider__wrap jumbotron-text__content\"><div class=\"subtitle subtitle--slider\"><\/div><div class=\"title title--slider\"><\/div><\/div><\/div><\/div><div class=\"hero-additional\"><div class=\"container\"><div id=\"hotel-booking-search-69e2f3213bf68\" class=\"hotel-booking-search\">\n\t\n\t<form  name=\"hb-search-form\"\n\t\t\t\t\t\t\t\t\t\t\t\t\t\t\t\t\t\t\t\t\taction=\"https:\/\/www.soprarnosuites.com\/?page_id=1979\"\n\t\t\t\t\t\t\t\t\t\t\t\t\t\t\t\t\t\t\t\t\tclass=\"hb-search-form-69e2f3213bf65\">\n\t\t<ul class=\"hb-form-table\">\n\t\t\t<li class=\"hb-form-field\">\n\t\t\t\t<label>Date d\u2019arriv\u00e9e<\/label>\t\t\t\t<div class=\"hb-form-field-input hb_input_field\">\n\t\t\t\t\t<input type=\"text\" name=\"check_in_date\" id=\"check_in_date_69e2f3213bf65\"\n\t\t\t\t\t\t\tclass=\"hb_input_date_check\" value=\"\"\n\t\t\t\t\t\t\tplaceholder=\"Date d\u2019arriv\u00e9e\"\n\t\t\t\t\t\t\tautocomplete=\"off\"\/>\n\t\t\t\t<\/div>\n\t\t\t<\/li>\n\n\t\t\t<li class=\"hb-form-field\">\n\t\t\t\t<label>Date de d\u00e9part<\/label>\t\t\t\t<div class=\"hb-form-field-input hb_input_field\">\n\t\t\t\t\t<input type=\"text\" name=\"check_out_date\" id=\"check_out_date_69e2f3213bf65\"\n\t\t\t\t\t\t\tclass=\"hb_input_date_check\" value=\"\"\n\t\t\t\t\t\t\tplaceholder=\"Date de d\u00e9part\"\n\t\t\t\t\t\t\tautocomplete=\"off\"\/>\n\t\t\t\t<\/div>\n\t\t\t<\/li>\n\n\t\t\t<li class=\"hb-form-field\">\n\t\t\t\t<label>Adultes<\/label>\t\t\t\t<div class=\"hb-form-field-input\">\n\t\t\t\t\t<select name=\"adults_capacity\" ><option value=\"\">Adultes<\/option><option value=\"1\">1<\/option><option value=\"2\">2<\/option><option value=\"3\">3<\/option><option value=\"4\">4<\/option><option value=\"5\">5<\/option><option value=\"6\">6<\/option><option value=\"7\">7<\/option><option value=\"8\">8<\/option><option value=\"9\">9<\/option><option value=\"10\">10<\/option><\/select>\t\t\t\t<\/div>\n\t\t\t<\/li>\n\n\t\t\t<li class=\"hb-form-field\">\n\t\t\t\t<label>Enfants<\/label>\t\t\t\t<div class=\"hb-form-field-input\">\n\t\t\t\t\t<select name=\"max_child\" ><option value=\"\">Enfants<\/option><option value=\"1\">1<\/option><option value=\"2\">2<\/option><\/select>\t\t\t\t<\/div>\n\t\t\t<\/li>\n\t\t<\/ul>\n\t\t<input type=\"hidden\" id=\"nonce\" name=\"nonce\" value=\"340e51afe2\" \/><input type=\"hidden\" name=\"_wp_http_referer\" value=\"\/fr\/wp-json\/wp\/v2\/pages\/3153\" \/>\t\t<input type=\"hidden\" name=\"hotel-booking\" value=\"results\"\/>\n\t\t<input type=\"hidden\" name=\"widget-search\"\n\t\t\t\tvalue=\"\"\/>\n\t\t<input type=\"hidden\" name=\"action\" value=\"hotel_booking_parse_search_params\"\/>\n\t\t<input type=\"hidden\" name=\"paged\" value=\"1\"\/>\n\t\t<p class=\"hb-submit\">\n\t\t\t<button type=\"submit\" class=\"wphb-button\">Voir les disponibilit\u00e9s<\/button>\n\t\t<\/p>\n\t<\/form>\n\t<\/div>\n<\/div><\/div><\/div>[\/vc_column][\/vc_row]<\/p>\n","protected":false},"excerpt":{"rendered":"<p>[vc_row full_width=&#8221;stretch_row_content_no_spaces&#8221;][vc_column][\/vc_column][\/vc_row][vc_row][vc_column][\/vc_column][\/vc_row][vc_row][vc_column width=&#8221;1\/4&#8243;][\/vc_column][vc_column width=&#8221;3\/4&#8243;][vc_row_inner][vc_column_inner width=&#8221;1\/3&#8243;][\/vc_column_inner][vc_column_inner width=&#8221;1\/3&#8243;][\/vc_column_inner][vc_column_inner width=&#8221;1\/3&#8243;][\/vc_column_inner][\/vc_row_inner][\/vc_column][\/vc_row][vc_row][vc_column][\/vc_column][\/vc_row][vc_row full_width=&#8221;stretch_row_content_no_spaces&#8221;][vc_column][\/vc_column][\/vc_row]<\/p>\n","protected":false},"author":1,"featured_media":0,"parent":0,"menu_order":0,"comment_status":"closed","ping_status":"closed","template":"","meta":{"footnotes":""},"class_list":["post-3153","page","type-page","status-publish","hentry"],"yoast_head":"<!-- This site is optimized with the Yoast SEO plugin v27.3 - https:\/\/yoast.com\/product\/yoast-seo-wordpress\/ -->\n<title>B&amp;B au c\u0153ur de Florence | SoprArno<\/title>\n<meta name=\"description\" content=\"Vous cherchez un B&amp;B \u00e0 Florence? D\u00e9couvrez SoprArno Suites. Les 13 chambres sont toutes am\u00e9nag\u00e9es diff\u00e9remment, dans un style \u00e9clectique et raffin\u00e9.\" \/>\n<meta name=\"robots\" content=\"index, follow, max-snippet:-1, max-image-preview:large, max-video-preview:-1\" \/>\n<link rel=\"canonical\" href=\"https:\/\/www.soprarnosuites.com\/fr\/contacts\/\" \/>\n<meta property=\"og:locale\" content=\"fr_FR\" \/>\n<meta property=\"og:type\" content=\"article\" \/>\n<meta property=\"og:title\" content=\"B&amp;B au c\u0153ur de Florence | SoprArno\" \/>\n<meta property=\"og:description\" content=\"Vous cherchez un B&amp;B \u00e0 Florence? D\u00e9couvrez SoprArno Suites. Les 13 chambres sont toutes am\u00e9nag\u00e9es diff\u00e9remment, dans un style \u00e9clectique et raffin\u00e9.\" \/>\n<meta property=\"og:url\" content=\"https:\/\/www.soprarnosuites.com\/fr\/contacts\/\" \/>\n<meta property=\"og:site_name\" content=\"SoprArno\" \/>\n<meta property=\"article:modified_time\" content=\"2025-04-09T14:08:49+00:00\" \/>\n<meta name=\"twitter:card\" content=\"summary_large_image\" \/>\n<meta name=\"twitter:label1\" content=\"Dur\u00e9e de lecture estim\u00e9e\" \/>\n\t<meta name=\"twitter:data1\" content=\"1 minute\" \/>\n<script type=\"application\/ld+json\" class=\"yoast-schema-graph\">{\"@context\":\"https:\\\/\\\/schema.org\",\"@graph\":[{\"@type\":\"WebPage\",\"@id\":\"https:\\\/\\\/www.soprarnosuites.com\\\/fr\\\/contacts\\\/\",\"url\":\"https:\\\/\\\/www.soprarnosuites.com\\\/fr\\\/contacts\\\/\",\"name\":\"B&B au c\u0153ur de Florence | SoprArno\",\"isPartOf\":{\"@id\":\"https:\\\/\\\/www.soprarnosuites.com\\\/#website\"},\"datePublished\":\"2018-04-27T14:55:45+00:00\",\"dateModified\":\"2025-04-09T14:08:49+00:00\",\"description\":\"Vous cherchez un B&B \u00e0 Florence? D\u00e9couvrez SoprArno Suites. Les 13 chambres sont toutes am\u00e9nag\u00e9es diff\u00e9remment, dans un style \u00e9clectique et raffin\u00e9.\",\"breadcrumb\":{\"@id\":\"https:\\\/\\\/www.soprarnosuites.com\\\/fr\\\/contacts\\\/#breadcrumb\"},\"inLanguage\":\"fr-FR\",\"potentialAction\":[{\"@type\":\"ReadAction\",\"target\":[\"https:\\\/\\\/www.soprarnosuites.com\\\/fr\\\/contacts\\\/\"]}]},{\"@type\":\"BreadcrumbList\",\"@id\":\"https:\\\/\\\/www.soprarnosuites.com\\\/fr\\\/contacts\\\/#breadcrumb\",\"itemListElement\":[{\"@type\":\"ListItem\",\"position\":1,\"name\":\"Home\",\"item\":\"https:\\\/\\\/www.soprarnosuites.com\\\/fr\\\/\"},{\"@type\":\"ListItem\",\"position\":2,\"name\":\"Contacts\"}]},{\"@type\":\"WebSite\",\"@id\":\"https:\\\/\\\/www.soprarnosuites.com\\\/#website\",\"url\":\"https:\\\/\\\/www.soprarnosuites.com\\\/\",\"name\":\"SoprArno\",\"description\":\"Un nuovo sito targato WordPress\",\"potentialAction\":[{\"@type\":\"SearchAction\",\"target\":{\"@type\":\"EntryPoint\",\"urlTemplate\":\"https:\\\/\\\/www.soprarnosuites.com\\\/?s={search_term_string}\"},\"query-input\":{\"@type\":\"PropertyValueSpecification\",\"valueRequired\":true,\"valueName\":\"search_term_string\"}}],\"inLanguage\":\"fr-FR\"}]}<\/script>\n<!-- \/ Yoast SEO plugin. -->","yoast_head_json":{"title":"B&B au c\u0153ur de Florence | SoprArno","description":"Vous cherchez un B&B \u00e0 Florence? D\u00e9couvrez SoprArno Suites. Les 13 chambres sont toutes am\u00e9nag\u00e9es diff\u00e9remment, dans un style \u00e9clectique et raffin\u00e9.","robots":{"index":"index","follow":"follow","max-snippet":"max-snippet:-1","max-image-preview":"max-image-preview:large","max-video-preview":"max-video-preview:-1"},"canonical":"https:\/\/www.soprarnosuites.com\/fr\/contacts\/","og_locale":"fr_FR","og_type":"article","og_title":"B&B au c\u0153ur de Florence | SoprArno","og_description":"Vous cherchez un B&B \u00e0 Florence? D\u00e9couvrez SoprArno Suites. Les 13 chambres sont toutes am\u00e9nag\u00e9es diff\u00e9remment, dans un style \u00e9clectique et raffin\u00e9.","og_url":"https:\/\/www.soprarnosuites.com\/fr\/contacts\/","og_site_name":"SoprArno","article_modified_time":"2025-04-09T14:08:49+00:00","twitter_card":"summary_large_image","twitter_misc":{"Dur\u00e9e de lecture estim\u00e9e":"1 minute"},"schema":{"@context":"https:\/\/schema.org","@graph":[{"@type":"WebPage","@id":"https:\/\/www.soprarnosuites.com\/fr\/contacts\/","url":"https:\/\/www.soprarnosuites.com\/fr\/contacts\/","name":"B&B au c\u0153ur de Florence | SoprArno","isPartOf":{"@id":"https:\/\/www.soprarnosuites.com\/#website"},"datePublished":"2018-04-27T14:55:45+00:00","dateModified":"2025-04-09T14:08:49+00:00","description":"Vous cherchez un B&B \u00e0 Florence? D\u00e9couvrez SoprArno Suites. Les 13 chambres sont toutes am\u00e9nag\u00e9es diff\u00e9remment, dans un style \u00e9clectique et raffin\u00e9.","breadcrumb":{"@id":"https:\/\/www.soprarnosuites.com\/fr\/contacts\/#breadcrumb"},"inLanguage":"fr-FR","potentialAction":[{"@type":"ReadAction","target":["https:\/\/www.soprarnosuites.com\/fr\/contacts\/"]}]},{"@type":"BreadcrumbList","@id":"https:\/\/www.soprarnosuites.com\/fr\/contacts\/#breadcrumb","itemListElement":[{"@type":"ListItem","position":1,"name":"Home","item":"https:\/\/www.soprarnosuites.com\/fr\/"},{"@type":"ListItem","position":2,"name":"Contacts"}]},{"@type":"WebSite","@id":"https:\/\/www.soprarnosuites.com\/#website","url":"https:\/\/www.soprarnosuites.com\/","name":"SoprArno","description":"Un nuovo sito targato WordPress","potentialAction":[{"@type":"SearchAction","target":{"@type":"EntryPoint","urlTemplate":"https:\/\/www.soprarnosuites.com\/?s={search_term_string}"},"query-input":{"@type":"PropertyValueSpecification","valueRequired":true,"valueName":"search_term_string"}}],"inLanguage":"fr-FR"}]}},"_links":{"self":[{"href":"https:\/\/www.soprarnosuites.com\/fr\/wp-json\/wp\/v2\/pages\/3153","targetHints":{"allow":["GET"]}}],"collection":[{"href":"https:\/\/www.soprarnosuites.com\/fr\/wp-json\/wp\/v2\/pages"}],"about":[{"href":"https:\/\/www.soprarnosuites.com\/fr\/wp-json\/wp\/v2\/types\/page"}],"author":[{"embeddable":true,"href":"https:\/\/www.soprarnosuites.com\/fr\/wp-json\/wp\/v2\/users\/1"}],"replies":[{"embeddable":true,"href":"https:\/\/www.soprarnosuites.com\/fr\/wp-json\/wp\/v2\/comments?post=3153"}],"version-history":[{"count":2,"href":"https:\/\/www.soprarnosuites.com\/fr\/wp-json\/wp\/v2\/pages\/3153\/revisions"}],"predecessor-version":[{"id":3175,"href":"https:\/\/www.soprarnosuites.com\/fr\/wp-json\/wp\/v2\/pages\/3153\/revisions\/3175"}],"wp:attachment":[{"href":"https:\/\/www.soprarnosuites.com\/fr\/wp-json\/wp\/v2\/media?parent=3153"}],"curies":[{"name":"wp","href":"https:\/\/api.w.org\/{rel}","templated":true}]}}