{"id":3223,"date":"2018-04-18T12:18:31","date_gmt":"2018-04-18T12:18:31","guid":{"rendered":"https:\/\/www.soprarnosuites.com\/camere-suites-firenze-centro\/"},"modified":"2025-04-09T16:20:18","modified_gmt":"2025-04-09T14:20:18","slug":"chambres-suites-centre-florence","status":"publish","type":"page","link":"https:\/\/www.soprarnosuites.com\/fr\/chambres-suites-centre-florence\/","title":{"rendered":"Chambres"},"content":{"rendered":"<p>[vc_row][vc_column][\/vc_column][\/vc_row][vc_row][vc_column el_class=&#8221;left-text&#8221;]<div  class=\"main-heading\"><span class=\"subtitle\">ESPACES<\/span><h2 class=\"title\" style=\"color:#111111;\"><\/h2><\/div><div class=\"text-block \" ><div class=\"simple-text \"><h1 class=\"page-title\">Suites de Charme, Uniques et Accueillantes<\/h1>\n<\/div><\/div><div  class=\"empty-space  marg-lg-b25\"><\/div><div class=\"text-block \" ><div class=\"simple-text \"><p>\u00c0 <strong>SoprArno Suites<\/strong>, chaque chambre poss\u00e8de une atmosph\u00e8re absolument unique, personnalis\u00e9e avec soin pour offrir une exp\u00e9rience originale et \u00e9clectique. Les 13 chambres se distinguent par leur mobilier, leurs dimensions et la vue depuis leurs fen\u00eatres : sept donnent sur une paisible cour int\u00e9rieure, tandis que six s\u2019ouvrent sur la magnifique Via Maggio.\u00a0Toutes les chambres sont \u00e9quip\u00e9es d\u2019une bouilloire et d\u2019une machine \u00e0 caf\u00e9 espresso, d\u2019une t\u00e9l\u00e9vision HD, du Wi-Fi, de produits C.O. Bigelow et de chaussons. Certaines suites disposent d\u2019une baignoire dans la chambre en plus de la douche classique dans la salle de bain.<\/p>\n<p><em>&#8220;SoprArno urbain \u2013 o\u00f9 le style int\u00e9rieur se distingue par des \u00e9l\u00e9ments vintage r\u00e9cup\u00e9r\u00e9s et des pi\u00e8ces classiques\u2026 toutes les chambres sont d\u00e9cor\u00e9es de mani\u00e8re unique, certaines autour d\u2019un th\u00e8me \u2013 l\u2019une inspir\u00e9e du monde de la typographie ; une autre peinte comme &#8216;la chambre du gentleman \u00e0 la mode&#8217;&#8230;&#8221;<br \/>\n<\/em><strong>Wallpaper* City Guide, Florence<\/strong><\/p>\n<\/div><\/div><div  class=\"empty-space  marg-lg-b25\"><\/div><div  class=\"main-heading\"><span class=\"subtitle\">ESPACES<\/span><h2 class=\"title\" style=\"color:#111111;\">Les Chambres<\/h2><\/div><div  class=\"empty-space  marg-lg-b25\"><\/div>[\/vc_column][\/vc_row][vc_row css=&#8221;.vc_custom_1551459569294{margin-top: 40px !important;margin-bottom: 100px !important;}&#8221;][vc_column css=&#8221;.vc_custom_1701856459423{padding-right: 0px !important;padding-left: 0px !important;}&#8221;]<div class=\"text-block \" ><div class=\"simple-text \">\t\t<div class=\"container room-container\">\n\t\t\t\t<div class=\"sort-by-wrapper\">\n\t\t\t\t<div class=\"show-number\">\n\t\t\tShowing the last items of 3 results.\t\t<\/div>\n\n\t\t<div class=\"sort-by\">\n\t\t\t<span class=\"sort-by__label\">Sort By :<\/span>\n\t\t\t<div class=\"select\">\n\t\t\t\t<div class=\"toggle\">\n\t\t\t\t\tDefault (Newest)\t\t\t\t<\/div>\n\t\t\t\t<ul class=\"sort-by__list\">\n\t\t\t\t\t\t\t\t\t\t\t<li class=\"sort-by__list-item active\" data-value=\"date-desc\">\n\t\t\t\t\t\t\tDefault (Newest)\t\t\t\t\t\t<\/li>\n\t\t\t\t\t\t\t\t\t\t\t\t<li class=\"sort-by__list-item\" data-value=\"date-asc\">\n\t\t\t\t\t\t\tOldest\t\t\t\t\t\t<\/li>\n\t\t\t\t\t\t\t\t\t\t\t\t<li class=\"sort-by__list-item\" data-value=\"title-asc\">\n\t\t\t\t\t\t\tA to Z\t\t\t\t\t\t<\/li>\n\t\t\t\t\t\t\t\t\t\t\t\t<li class=\"sort-by__list-item\" data-value=\"title-desc\">\n\t\t\t\t\t\t\tZ to A\t\t\t\t\t\t<\/li>\n\t\t\t\t\t\t\t\t\t\t<\/ul>\n\t\t\t<\/div>\n\t\t<\/div>\n\t\t\t<\/div>\n\n<div class=\"rooms tp-hotel-booking hb-catalog-column-4\">\n<div id=\"room-3232\" class=\"rooms-slider__item post-3232 hb_room type-hb_room status-publish has-post-thumbnail hentry hb_room_type-king-room-balcony hb_room_type-soprarno\">\n\n  \n    <a href=\"https:\/\/www.soprarnosuites.com\/fr\/rooms\/deluxe-avec-balcon\/\" class=\"room-slider__anchor\">\n\n      <div class=\"summary rooms-slider__item-wrap entry-summary\">\n\n      <div class=\"rooms-slider__image\">\n\t<img loading=\"lazy\" decoding=\"async\" src=\"https:\/\/www.soprarnosuites.com\/wp-content\/uploads\/2018\/09\/soprarno-hotel-florence-king-with-balcony3-270x270.jpg\" width=\"270\" height=\"270\" alt=\"\"\/><\/div><h3 class=\"rooms-slider__title\">Deluxe avec Balcon<\/h3>\n\n\t  <div class=\"rooms-slider__price\">Starting from &#36;0.0\/night<\/div>\n\n      <\/div><!-- .summary -->\n\n    \n  <\/a>\n\n<\/div>\n\n\n<div id=\"room-3235\" class=\"rooms-slider__item post-3235 hb_room type-hb_room status-publish has-post-thumbnail hentry hb_room_type-deluxe-room hb_room_type-soprarno\">\n\n  \n    <a href=\"https:\/\/www.soprarnosuites.com\/fr\/rooms\/deluxe\/\" class=\"room-slider__anchor\">\n\n      <div class=\"summary rooms-slider__item-wrap entry-summary\">\n\n      <div class=\"rooms-slider__image\">\n\t<img loading=\"lazy\" decoding=\"async\" src=\"https:\/\/www.soprarnosuites.com\/wp-content\/uploads\/2018\/12\/soprarno-suites-florence-slider2-270x270.jpg\" width=\"270\" height=\"270\" alt=\"\"\/><\/div><h3 class=\"rooms-slider__title\">Deluxe<\/h3>\n\n\t  <div class=\"rooms-slider__price\">Starting from &#36;0.0\/night<\/div>\n\n      <\/div><!-- .summary -->\n\n    \n  <\/a>\n\n<\/div>\n\n\n<div id=\"room-3238\" class=\"rooms-slider__item post-3238 hb_room type-hb_room status-publish has-post-thumbnail hentry hb_room_type-soprarno hb_room_type-superior-room\">\n\n  \n    <a href=\"https:\/\/www.soprarnosuites.com\/fr\/rooms\/superior\/\" class=\"room-slider__anchor\">\n\n      <div class=\"summary rooms-slider__item-wrap entry-summary\">\n\n      <div class=\"rooms-slider__image\">\n\t<img loading=\"lazy\" decoding=\"async\" src=\"https:\/\/www.soprarnosuites.com\/wp-content\/uploads\/2018\/12\/soprarno-slider-270x270.jpg\" width=\"270\" height=\"270\" alt=\"\"\/><\/div><h3 class=\"rooms-slider__title\">Superior<\/h3>\n\n\t  <div class=\"rooms-slider__price\">Starting from &#36;0.0\/night<\/div>\n\n      <\/div><!-- .summary -->\n\n    \n  <\/a>\n\n<\/div>\n\n\n<\/div>\n\n\t\t<\/div>\n\t\t\n<\/div><\/div>[\/vc_column][\/vc_row][vc_row full_width=&#8221;stretch_row_content_no_spaces&#8221; css=&#8221;.vc_custom_1543509633280{margin-top: 100px !important;}&#8221;][vc_column]<div  class=\"hero-slider hero-slider--booking style1 hero-slider__big\" data-autoplay=\"false\" data-loop=\"false\" data-speed=\"5000\"><div class=\"hero-slider__items\"><div class=\"hero-slider__item\" style=\"background-image: url(https:\/\/www.soprarnosuites.com\/wp-content\/uploads\/2019\/02\/soprarno-hotel-florence-details4.jpg);\"><div class=\"hero-slider__wrap jumbotron-text__content\"><div class=\"subtitle subtitle--slider\"><\/div><div class=\"title title--slider\" style=\"color:#121a25;\"><\/div><div class=\"hero-slider__btn__wrapper text-center\"><a href=\"https:\/\/be.bookingexpert.it\/book\/home\/index?layout=941&#038;lang=it&#038;currency=EUR&#038;nsid=79724a70-daed-4e0b-8f03-7fd3534f0abe&#038;_ga=2.269060017.1961815964.1647861174-2025709521.1634393592\" target=\"_self\" title=\"button\" class=\"hero-slider__btn\">Prenota ora<\/a><\/div><\/div><\/div><\/div><div class=\"hero-additional\"><div class=\"container\"><div id=\"hotel-booking-search-69e2f5087c85a\" class=\"hotel-booking-search\">\n\t\n\t<form  name=\"hb-search-form\"\n\t\t\t\t\t\t\t\t\t\t\t\t\t\t\t\t\t\t\t\t\taction=\"https:\/\/www.soprarnosuites.com\/?page_id=1979\"\n\t\t\t\t\t\t\t\t\t\t\t\t\t\t\t\t\t\t\t\t\tclass=\"hb-search-form-69e2f5087c858\">\n\t\t<ul class=\"hb-form-table\">\n\t\t\t<li class=\"hb-form-field\">\n\t\t\t\t<label>Date d\u2019arriv\u00e9e<\/label>\t\t\t\t<div class=\"hb-form-field-input hb_input_field\">\n\t\t\t\t\t<input type=\"text\" name=\"check_in_date\" id=\"check_in_date_69e2f5087c858\"\n\t\t\t\t\t\t\tclass=\"hb_input_date_check\" value=\"\"\n\t\t\t\t\t\t\tplaceholder=\"Date d\u2019arriv\u00e9e\"\n\t\t\t\t\t\t\tautocomplete=\"off\"\/>\n\t\t\t\t<\/div>\n\t\t\t<\/li>\n\n\t\t\t<li class=\"hb-form-field\">\n\t\t\t\t<label>Date de d\u00e9part<\/label>\t\t\t\t<div class=\"hb-form-field-input hb_input_field\">\n\t\t\t\t\t<input type=\"text\" name=\"check_out_date\" id=\"check_out_date_69e2f5087c858\"\n\t\t\t\t\t\t\tclass=\"hb_input_date_check\" value=\"\"\n\t\t\t\t\t\t\tplaceholder=\"Date de d\u00e9part\"\n\t\t\t\t\t\t\tautocomplete=\"off\"\/>\n\t\t\t\t<\/div>\n\t\t\t<\/li>\n\n\t\t\t<li class=\"hb-form-field\">\n\t\t\t\t<label>Adultes<\/label>\t\t\t\t<div class=\"hb-form-field-input\">\n\t\t\t\t\t<select name=\"adults_capacity\" ><option value=\"\">Adultes<\/option><option value=\"1\">1<\/option><option value=\"2\">2<\/option><option value=\"3\">3<\/option><option value=\"4\">4<\/option><option value=\"5\">5<\/option><option value=\"6\">6<\/option><option value=\"7\">7<\/option><option value=\"8\">8<\/option><option value=\"9\">9<\/option><option value=\"10\">10<\/option><\/select>\t\t\t\t<\/div>\n\t\t\t<\/li>\n\n\t\t\t<li class=\"hb-form-field\">\n\t\t\t\t<label>Enfants<\/label>\t\t\t\t<div class=\"hb-form-field-input\">\n\t\t\t\t\t<select name=\"max_child\" ><option value=\"\">Enfants<\/option><option value=\"1\">1<\/option><option value=\"2\">2<\/option><\/select>\t\t\t\t<\/div>\n\t\t\t<\/li>\n\t\t<\/ul>\n\t\t<input type=\"hidden\" id=\"nonce\" name=\"nonce\" value=\"340e51afe2\" \/><input type=\"hidden\" name=\"_wp_http_referer\" value=\"\/fr\/wp-json\/wp\/v2\/pages\/3223\" \/>\t\t<input type=\"hidden\" name=\"hotel-booking\" value=\"results\"\/>\n\t\t<input type=\"hidden\" name=\"widget-search\"\n\t\t\t\tvalue=\"\"\/>\n\t\t<input type=\"hidden\" name=\"action\" value=\"hotel_booking_parse_search_params\"\/>\n\t\t<input type=\"hidden\" name=\"paged\" value=\"1\"\/>\n\t\t<p class=\"hb-submit\">\n\t\t\t<button type=\"submit\" class=\"wphb-button\">Voir les disponibilit\u00e9s<\/button>\n\t\t<\/p>\n\t<\/form>\n\t<\/div>\n<\/div><\/div><\/div>[\/vc_column][\/vc_row]<\/p>\n","protected":false},"excerpt":{"rendered":"<p>[vc_row][vc_column][\/vc_column][\/vc_row][vc_row][vc_column el_class=&#8221;left-text&#8221;][\/vc_column][\/vc_row][vc_row css=&#8221;.vc_custom_1551459569294{margin-top: 40px !important;margin-bottom: 100px !important;}&#8221;][vc_column css=&#8221;.vc_custom_1701856459423{padding-right: 0px !important;padding-left: 0px !important;}&#8221;][\/vc_column][\/vc_row][vc_row full_width=&#8221;stretch_row_content_no_spaces&#8221; css=&#8221;.vc_custom_1543509633280{margin-top: 100px !important;}&#8221;][vc_column][\/vc_column][\/vc_row]<\/p>\n","protected":false},"author":1,"featured_media":0,"parent":0,"menu_order":0,"comment_status":"closed","ping_status":"closed","template":"","meta":{"footnotes":""},"class_list":["post-3223","page","type-page","status-publish","hentry"],"yoast_head":"<!-- This site is optimized with the Yoast SEO plugin v27.3 - https:\/\/yoast.com\/product\/yoast-seo-wordpress\/ -->\n<title>Suites au centre de Florence | SoprArno<\/title>\n<meta name=\"description\" content=\"Soprarno Suites est un \u00e9l\u00e9gant B&amp;B situ\u00e9 dans le centre de Florence, dans le quartier de l\u2019Oltrarno, \u00e0 quelques minutes du Ponte Vecchio et du Palais Pitti.\" \/>\n<meta name=\"robots\" content=\"index, follow, max-snippet:-1, max-image-preview:large, max-video-preview:-1\" \/>\n<link rel=\"canonical\" href=\"https:\/\/www.soprarnosuites.com\/fr\/chambres-suites-centre-florence\/\" \/>\n<meta property=\"og:locale\" content=\"fr_FR\" \/>\n<meta property=\"og:type\" content=\"article\" \/>\n<meta property=\"og:title\" content=\"Suites au centre de Florence | SoprArno\" \/>\n<meta property=\"og:description\" content=\"Soprarno Suites est un \u00e9l\u00e9gant B&amp;B situ\u00e9 dans le centre de Florence, dans le quartier de l\u2019Oltrarno, \u00e0 quelques minutes du Ponte Vecchio et du Palais Pitti.\" \/>\n<meta property=\"og:url\" content=\"https:\/\/www.soprarnosuites.com\/fr\/chambres-suites-centre-florence\/\" \/>\n<meta property=\"og:site_name\" content=\"SoprArno\" \/>\n<meta property=\"article:modified_time\" content=\"2025-04-09T14:20:18+00:00\" \/>\n<meta name=\"twitter:card\" content=\"summary_large_image\" \/>\n<meta name=\"twitter:label1\" content=\"Dur\u00e9e de lecture estim\u00e9e\" \/>\n\t<meta name=\"twitter:data1\" content=\"1 minute\" \/>\n<script type=\"application\/ld+json\" class=\"yoast-schema-graph\">{\"@context\":\"https:\\\/\\\/schema.org\",\"@graph\":[{\"@type\":\"WebPage\",\"@id\":\"https:\\\/\\\/www.soprarnosuites.com\\\/fr\\\/chambres-suites-centre-florence\\\/\",\"url\":\"https:\\\/\\\/www.soprarnosuites.com\\\/fr\\\/chambres-suites-centre-florence\\\/\",\"name\":\"Suites au centre de Florence | SoprArno\",\"isPartOf\":{\"@id\":\"https:\\\/\\\/www.soprarnosuites.com\\\/#website\"},\"datePublished\":\"2018-04-18T12:18:31+00:00\",\"dateModified\":\"2025-04-09T14:20:18+00:00\",\"description\":\"Soprarno Suites est un \u00e9l\u00e9gant B&B situ\u00e9 dans le centre de Florence, dans le quartier de l\u2019Oltrarno, \u00e0 quelques minutes du Ponte Vecchio et du Palais Pitti.\",\"breadcrumb\":{\"@id\":\"https:\\\/\\\/www.soprarnosuites.com\\\/fr\\\/chambres-suites-centre-florence\\\/#breadcrumb\"},\"inLanguage\":\"fr-FR\",\"potentialAction\":[{\"@type\":\"ReadAction\",\"target\":[\"https:\\\/\\\/www.soprarnosuites.com\\\/fr\\\/chambres-suites-centre-florence\\\/\"]}]},{\"@type\":\"BreadcrumbList\",\"@id\":\"https:\\\/\\\/www.soprarnosuites.com\\\/fr\\\/chambres-suites-centre-florence\\\/#breadcrumb\",\"itemListElement\":[{\"@type\":\"ListItem\",\"position\":1,\"name\":\"Home\",\"item\":\"https:\\\/\\\/www.soprarnosuites.com\\\/fr\\\/\"},{\"@type\":\"ListItem\",\"position\":2,\"name\":\"Chambres\"}]},{\"@type\":\"WebSite\",\"@id\":\"https:\\\/\\\/www.soprarnosuites.com\\\/#website\",\"url\":\"https:\\\/\\\/www.soprarnosuites.com\\\/\",\"name\":\"SoprArno\",\"description\":\"Un nuovo sito targato WordPress\",\"potentialAction\":[{\"@type\":\"SearchAction\",\"target\":{\"@type\":\"EntryPoint\",\"urlTemplate\":\"https:\\\/\\\/www.soprarnosuites.com\\\/?s={search_term_string}\"},\"query-input\":{\"@type\":\"PropertyValueSpecification\",\"valueRequired\":true,\"valueName\":\"search_term_string\"}}],\"inLanguage\":\"fr-FR\"}]}<\/script>\n<!-- \/ Yoast SEO plugin. -->","yoast_head_json":{"title":"Suites au centre de Florence | SoprArno","description":"Soprarno Suites est un \u00e9l\u00e9gant B&B situ\u00e9 dans le centre de Florence, dans le quartier de l\u2019Oltrarno, \u00e0 quelques minutes du Ponte Vecchio et du Palais Pitti.","robots":{"index":"index","follow":"follow","max-snippet":"max-snippet:-1","max-image-preview":"max-image-preview:large","max-video-preview":"max-video-preview:-1"},"canonical":"https:\/\/www.soprarnosuites.com\/fr\/chambres-suites-centre-florence\/","og_locale":"fr_FR","og_type":"article","og_title":"Suites au centre de Florence | SoprArno","og_description":"Soprarno Suites est un \u00e9l\u00e9gant B&B situ\u00e9 dans le centre de Florence, dans le quartier de l\u2019Oltrarno, \u00e0 quelques minutes du Ponte Vecchio et du Palais Pitti.","og_url":"https:\/\/www.soprarnosuites.com\/fr\/chambres-suites-centre-florence\/","og_site_name":"SoprArno","article_modified_time":"2025-04-09T14:20:18+00:00","twitter_card":"summary_large_image","twitter_misc":{"Dur\u00e9e de lecture estim\u00e9e":"1 minute"},"schema":{"@context":"https:\/\/schema.org","@graph":[{"@type":"WebPage","@id":"https:\/\/www.soprarnosuites.com\/fr\/chambres-suites-centre-florence\/","url":"https:\/\/www.soprarnosuites.com\/fr\/chambres-suites-centre-florence\/","name":"Suites au centre de Florence | SoprArno","isPartOf":{"@id":"https:\/\/www.soprarnosuites.com\/#website"},"datePublished":"2018-04-18T12:18:31+00:00","dateModified":"2025-04-09T14:20:18+00:00","description":"Soprarno Suites est un \u00e9l\u00e9gant B&B situ\u00e9 dans le centre de Florence, dans le quartier de l\u2019Oltrarno, \u00e0 quelques minutes du Ponte Vecchio et du Palais Pitti.","breadcrumb":{"@id":"https:\/\/www.soprarnosuites.com\/fr\/chambres-suites-centre-florence\/#breadcrumb"},"inLanguage":"fr-FR","potentialAction":[{"@type":"ReadAction","target":["https:\/\/www.soprarnosuites.com\/fr\/chambres-suites-centre-florence\/"]}]},{"@type":"BreadcrumbList","@id":"https:\/\/www.soprarnosuites.com\/fr\/chambres-suites-centre-florence\/#breadcrumb","itemListElement":[{"@type":"ListItem","position":1,"name":"Home","item":"https:\/\/www.soprarnosuites.com\/fr\/"},{"@type":"ListItem","position":2,"name":"Chambres"}]},{"@type":"WebSite","@id":"https:\/\/www.soprarnosuites.com\/#website","url":"https:\/\/www.soprarnosuites.com\/","name":"SoprArno","description":"Un nuovo sito targato WordPress","potentialAction":[{"@type":"SearchAction","target":{"@type":"EntryPoint","urlTemplate":"https:\/\/www.soprarnosuites.com\/?s={search_term_string}"},"query-input":{"@type":"PropertyValueSpecification","valueRequired":true,"valueName":"search_term_string"}}],"inLanguage":"fr-FR"}]}},"_links":{"self":[{"href":"https:\/\/www.soprarnosuites.com\/fr\/wp-json\/wp\/v2\/pages\/3223","targetHints":{"allow":["GET"]}}],"collection":[{"href":"https:\/\/www.soprarnosuites.com\/fr\/wp-json\/wp\/v2\/pages"}],"about":[{"href":"https:\/\/www.soprarnosuites.com\/fr\/wp-json\/wp\/v2\/types\/page"}],"author":[{"embeddable":true,"href":"https:\/\/www.soprarnosuites.com\/fr\/wp-json\/wp\/v2\/users\/1"}],"replies":[{"embeddable":true,"href":"https:\/\/www.soprarnosuites.com\/fr\/wp-json\/wp\/v2\/comments?post=3223"}],"version-history":[{"count":2,"href":"https:\/\/www.soprarnosuites.com\/fr\/wp-json\/wp\/v2\/pages\/3223\/revisions"}],"predecessor-version":[{"id":3227,"href":"https:\/\/www.soprarnosuites.com\/fr\/wp-json\/wp\/v2\/pages\/3223\/revisions\/3227"}],"wp:attachment":[{"href":"https:\/\/www.soprarnosuites.com\/fr\/wp-json\/wp\/v2\/media?parent=3223"}],"curies":[{"name":"wp","href":"https:\/\/api.w.org\/{rel}","templated":true}]}}